{"id":97,"date":"2026-01-19T07:10:23","date_gmt":"2026-01-19T06:10:23","guid":{"rendered":"http:\/\/roc-line.fr\/parc-aventure\/?page_id=97"},"modified":"2026-04-17T16:49:01","modified_gmt":"2026-04-17T14:49:01","slug":"infos-parcours","status":"publish","type":"page","link":"https:\/\/roc-line.fr\/parc-aventure\/fr\/infos-parcours\/","title":{"rendered":"Infos Parcours"},"content":{"rendered":"<div class=\"wp-block-image\">\n<figure class=\"aligncenter size-large\"><img loading=\"lazy\" decoding=\"async\" width=\"1024\" height=\"686\" src=\"https:\/\/roc-line.fr\/parc-aventure\/wp-content\/uploads\/2026\/01\/plan-2022ok-web-1024x686.jpg\" alt=\"\" class=\"wp-image-98\" srcset=\"https:\/\/roc-line.fr\/parc-aventure\/wp-content\/uploads\/2026\/01\/plan-2022ok-web-1024x686.jpg 1024w, https:\/\/roc-line.fr\/parc-aventure\/wp-content\/uploads\/2026\/01\/plan-2022ok-web-300x201.jpg 300w, https:\/\/roc-line.fr\/parc-aventure\/wp-content\/uploads\/2026\/01\/plan-2022ok-web-768x514.jpg 768w, https:\/\/roc-line.fr\/parc-aventure\/wp-content\/uploads\/2026\/01\/plan-2022ok-web-1536x1028.jpg 1536w, https:\/\/roc-line.fr\/parc-aventure\/wp-content\/uploads\/2026\/01\/plan-2022ok-web.jpg 2000w\" sizes=\"auto, (max-width: 1024px) 100vw, 1024px\" \/><\/figure>\n<\/div>\n\n\n<h6 class=\"wp-block-heading\"><strong>Age conseill\u00e9 pour les parcours<\/strong>&nbsp;:<\/h6>\n\n\n\n<ul class=\"wp-block-list\">\n<li><strong>Jaune&nbsp;: d\u00e9s 3 ans.&nbsp;<\/strong><br>L\u2019adulte peut suivre l\u2019enfant sans EPI tout le long du parcours.&nbsp;<br>Sa tyrolienne de 20 m est adapt\u00e9 aux enfants de moins de 50 kg<\/li>\n<\/ul>\n\n\n\n<h6 class=\"wp-block-heading\"><strong>Pour les parcours suivants, l\u2019adulte encadrant doit \u00eatre \u00e9quip\u00e9 d\u2019un EPI.<\/strong><\/h6>\n\n\n\n<blockquote class=\"wp-block-quote is-layout-flow wp-block-quote-is-layout-flow\">\n<p><strong>Les temps indiqu\u00e9s sont approximatifs et n\u2019incluent pas le temps de descente en tyrolienne.<\/strong><\/p>\n<\/blockquote>\n\n\n\n<ul class=\"wp-block-list\">\n<li><strong>Vert\u00a0:\u00a0<br><\/strong>\u2013 facile\u00a0: commence en prolongement du parcours jaune. Accessible d\u00e9s 5 ans. 20 min\u00a0<br>\u2013 difficile\u00a0: \u00e0 cot\u00e9 de la zone briefing, le parcours est accessible d\u00e9s 1m20.\u00a0<br>La tyrolienne est adapt\u00e9e \u00e0 tous. 30 min<\/li>\n\n\n\n<li><strong>Bleu<\/strong><br>&#8211; facile : accessible depuis les parcours vert celui-ci permettra aux plus petits de profiter des tyroliennes g\u00e9antes comme les grands. C&rsquo;est \u00e9galement le parcours id\u00e9al pour les personnes sujettes au vertige. 1h<br>&#8211; difficile : d\u00e9s 7 ans. C\u2019est le parcours \u00e0 r\u00e9aliser en famille.\u00a01h \u00e0 1h30<\/li>\n\n\n\n<li><strong>Rouge<\/strong>&nbsp;: D\u00e9s 10 ans. C\u2019est le parcours athl\u00e9tique qui requiert une bonne forme physique.<br>En moyenne 45 min sans les tyroliennes, il commence apr\u00e8s la r\u00e9alisation des \u00be du parcours vert difficile.&nbsp;<br>Possibilit\u00e9 de terminer par le parcours bleu.<\/li>\n\n\n\n<li><strong>Noir<\/strong>\u00a0: D\u00e9s 12 ans (la taille n\u2019est pas restrictive seul les aptitudes \u00e0 escalader le sont). C\u2019est le parcours pure escalade. Ici on grimpe, les mousquetons sont l\u00e0 uniquement pour assurer sa s\u00e9curit\u00e9.<br>Il commence au 1\/5 du parcours rouge. En moyenne 45 min sans les tyroliennes.<br>Possibilit\u00e9 de rejoindre le parcours rouge apr\u00e8s le premier quart (partie la plus facile).<br><strong>Noir extr\u00eame<\/strong>\u00a0En pointill\u00e9, \u00e0 partir de 16 ans <br>passage escalade avoisinants le 6a en utilisant les prises d\u2019escalade.<\/li>\n\n\n\n<li><strong>Tyroliennes&nbsp;<\/strong>: en violet et magenta<\/li>\n\n\n\n<li><strong>Slackline<\/strong>&nbsp;: Perch\u00e9e \u00e0 environ 5 m\u00e8tres de hauteur, elle d\u00e9fiera votre \u00e9quilibre durant ses 50 m\u00e8tres aller et retour. Elle se situe au point culminant du parc. Il est&nbsp;<strong>imp\u00e9ratif de demander \u00e0 un op\u00e9rateur<\/strong>&nbsp;les explications concernant l\u2019utilisation de cet agr\u00e8s et de respecter les consignes de s\u00e9curit\u00e9. Nous la conseillons aux aventuriers ayant r\u00e9alis\u00e9s au moins le parcours rouge.<br>Un exemplaire plus petit se situe \u00e0 l\u2019accueil.&nbsp;<em>Testez l\u00e0!<\/em><\/li>\n\n\n\n<li><strong>Chemin d\u2019\u00e9vacuation<\/strong>&nbsp;: en pointill\u00e9 orange<\/li>\n<\/ul>\n\n\n\n<blockquote class=\"wp-block-quote is-layout-flow wp-block-quote-is-layout-flow\">\n<p>Pensez \u00e0 vous hydrater durant l\u2019activit\u00e9&nbsp;<br>Chaussures ferm\u00e9s obligatoires&nbsp;<br><strong>Utilisation de gants ou mitaines recommand\u00e9e<\/strong><br>Les enfants sont sous la responsabilit\u00e9 d\u2019un adulte<\/p>\n<\/blockquote>\n","protected":false},"excerpt":{"rendered":"<p>Age conseill\u00e9 pour les parcours&nbsp;: Pour les parcours suivants, l\u2019adulte encadrant doit \u00eatre \u00e9quip\u00e9 d\u2019un EPI. Les temps indiqu\u00e9s sont approximatifs et n\u2019incluent pas le temps de descente en tyrolienne. Pensez \u00e0 vous hydrater durant l\u2019activit\u00e9&nbsp;Chaussures ferm\u00e9s obligatoires&nbsp;Utilisation de gants ou mitaines recommand\u00e9eLes enfants sont sous la responsabilit\u00e9 d\u2019un adulte<\/p>\n","protected":false},"author":1,"featured_media":0,"parent":0,"menu_order":0,"comment_status":"closed","ping_status":"closed","template":"template-parts\/template-no-sidebar.php","meta":{"footnotes":""},"class_list":["post-97","page","type-page","status-publish","hentry"],"_links":{"self":[{"href":"https:\/\/roc-line.fr\/parc-aventure\/wp-json\/wp\/v2\/pages\/97","targetHints":{"allow":["GET"]}}],"collection":[{"href":"https:\/\/roc-line.fr\/parc-aventure\/wp-json\/wp\/v2\/pages"}],"about":[{"href":"https:\/\/roc-line.fr\/parc-aventure\/wp-json\/wp\/v2\/types\/page"}],"author":[{"embeddable":true,"href":"https:\/\/roc-line.fr\/parc-aventure\/wp-json\/wp\/v2\/users\/1"}],"replies":[{"embeddable":true,"href":"https:\/\/roc-line.fr\/parc-aventure\/wp-json\/wp\/v2\/comments?post=97"}],"version-history":[{"count":3,"href":"https:\/\/roc-line.fr\/parc-aventure\/wp-json\/wp\/v2\/pages\/97\/revisions"}],"predecessor-version":[{"id":215,"href":"https:\/\/roc-line.fr\/parc-aventure\/wp-json\/wp\/v2\/pages\/97\/revisions\/215"}],"wp:attachment":[{"href":"https:\/\/roc-line.fr\/parc-aventure\/wp-json\/wp\/v2\/media?parent=97"}],"curies":[{"name":"wp","href":"https:\/\/api.w.org\/{rel}","templated":true}]}}