{"id":92,"date":"2026-01-19T07:04:47","date_gmt":"2026-01-19T06:04:47","guid":{"rendered":"http:\/\/roc-line.fr\/parc-aventure\/?page_id=92"},"modified":"2026-04-17T16:51:09","modified_gmt":"2026-04-17T14:51:09","slug":"tarifs","status":"publish","type":"page","link":"https:\/\/roc-line.fr\/parc-aventure\/fr\/tarifs\/","title":{"rendered":"Tarifs"},"content":{"rendered":"\n<h6 class=\"wp-block-heading\">POUR TOUTE LA FAMILLE ET TOUTES LES SENSATIONS<\/h6>\n\n\n\n<figure class=\"wp-block-table\"><table class=\"has-fixed-layout\"><tbody><tr><th class=\"has-text-align-left\" data-align=\"left\"><strong>Parcours<\/strong><br><small>\u00e2ge, taille conseill\u00e9e<\/small><\/th><th class=\"has-text-align-left\" data-align=\"left\"><strong>Bleu<\/strong>\u00a0\u00a0<small>+7ans<\/small><br><strong>Rouge\u00a0<\/strong><small>+10ans<\/small><br><strong>Noir\u00a0<\/strong><small>+12ans<\/small><\/th><th class=\"has-text-align-left\" data-align=\"left\"><strong>Jaune\u00a0&amp;\u00a0Vert<\/strong><br><small>+5ans\u00a0<\/small><\/th><th class=\"has-text-align-left\" data-align=\"left\"><strong>Jaune<\/strong><br><small>d\u00e8s 3 ans<\/small><\/th><\/tr><tr><td class=\"has-text-align-left\" data-align=\"left\">Tarifs par personne<\/td><td class=\"has-text-align-center\" data-align=\"center\">26\u20ac*<\/td><td class=\"has-text-align-center\" data-align=\"center\">15\u20ac<\/td><td class=\"has-text-align-center\" data-align=\"center\">9\u20ac<\/td><\/tr><\/tbody><\/table><\/figure>\n\n\n\n<p><strong>*REMISE <\/strong><br>\u00e0 partir de 6 personnes = -1\u20ac\/personne<br>\u00e0 partir de 10 personnes = -2\u20ac\/personne<\/p>\n\n\n\n<p><strong>Maximum 3h d&rsquo;activit\u00e9 suivi<\/strong><\/p>\n\n\n\n<p><strong><mark style=\"background-color:rgba(0, 0, 0, 0)\" class=\"has-inline-color has-vivid-purple-color\">+ SLAKLINE<\/mark><\/strong><\/p>\n\n\n\n<p><strong><mark style=\"background-color:rgba(0, 0, 0, 0)\" class=\"has-inline-color has-luminous-vivid-orange-color\">Sur place vente : de boissons, collations, barres \u00e9nerg\u00e9tiques, gants de confort<\/mark><\/strong><\/p>\n\n\n\n<p><strong>Collectivit\u00e9s<\/strong>&nbsp;: prix sp\u00e9ciaux, nous consulter<\/p>\n\n\n\n<figure class=\"wp-block-image size-large is-resized\"><img loading=\"lazy\" decoding=\"async\" width=\"972\" height=\"1024\" src=\"https:\/\/roc-line.fr\/parc-aventure\/wp-content\/uploads\/2026\/01\/nocb-972x1024.jpg\" alt=\"\" class=\"wp-image-12\" style=\"width:200px\" srcset=\"https:\/\/roc-line.fr\/parc-aventure\/wp-content\/uploads\/2026\/01\/nocb-972x1024.jpg 972w, https:\/\/roc-line.fr\/parc-aventure\/wp-content\/uploads\/2026\/01\/nocb-285x300.jpg 285w, https:\/\/roc-line.fr\/parc-aventure\/wp-content\/uploads\/2026\/01\/nocb-768x809.jpg 768w, https:\/\/roc-line.fr\/parc-aventure\/wp-content\/uploads\/2026\/01\/nocb.jpg 1000w\" sizes=\"auto, (max-width: 972px) 100vw, 972px\" \/><\/figure>\n\n\n\n<figure class=\"wp-block-image size-full\"><a href=\"https:\/\/www.ancv.com\"><img loading=\"lazy\" decoding=\"async\" width=\"373\" height=\"135\" src=\"https:\/\/roc-line.fr\/parc-aventure\/wp-content\/uploads\/2026\/01\/ancv-connect.png\" alt=\"\" class=\"wp-image-95\" srcset=\"https:\/\/roc-line.fr\/parc-aventure\/wp-content\/uploads\/2026\/01\/ancv-connect.png 373w, https:\/\/roc-line.fr\/parc-aventure\/wp-content\/uploads\/2026\/01\/ancv-connect-300x109.png 300w\" sizes=\"auto, (max-width: 373px) 100vw, 373px\" \/><\/a><\/figure>\n","protected":false},"excerpt":{"rendered":"<p>POUR TOUTE LA FAMILLE ET TOUTES LES SENSATIONS Parcours\u00e2ge, taille conseill\u00e9e Bleu\u00a0\u00a0+7ansRouge\u00a0+10ansNoir\u00a0+12ans Jaune\u00a0&amp;\u00a0Vert+5ans\u00a0 Jauned\u00e8s 3 ans Tarifs par personne 26\u20ac* 15\u20ac 9\u20ac *REMISE \u00e0 partir de 6 personnes = -1\u20ac\/personne\u00e0 partir de 10 personnes = -2\u20ac\/personne Maximum 3h d&rsquo;activit\u00e9 suivi + SLAKLINE Sur place vente : de boissons, collations, barres \u00e9nerg\u00e9tiques, gants de confort Collectivit\u00e9s&nbsp;: [&hellip;]<\/p>\n","protected":false},"author":1,"featured_media":0,"parent":0,"menu_order":0,"comment_status":"closed","ping_status":"closed","template":"template-parts\/template-no-sidebar.php","meta":{"footnotes":""},"class_list":["post-92","page","type-page","status-publish","hentry"],"_links":{"self":[{"href":"https:\/\/roc-line.fr\/parc-aventure\/wp-json\/wp\/v2\/pages\/92","targetHints":{"allow":["GET"]}}],"collection":[{"href":"https:\/\/roc-line.fr\/parc-aventure\/wp-json\/wp\/v2\/pages"}],"about":[{"href":"https:\/\/roc-line.fr\/parc-aventure\/wp-json\/wp\/v2\/types\/page"}],"author":[{"embeddable":true,"href":"https:\/\/roc-line.fr\/parc-aventure\/wp-json\/wp\/v2\/users\/1"}],"replies":[{"embeddable":true,"href":"https:\/\/roc-line.fr\/parc-aventure\/wp-json\/wp\/v2\/comments?post=92"}],"version-history":[{"count":6,"href":"https:\/\/roc-line.fr\/parc-aventure\/wp-json\/wp\/v2\/pages\/92\/revisions"}],"predecessor-version":[{"id":221,"href":"https:\/\/roc-line.fr\/parc-aventure\/wp-json\/wp\/v2\/pages\/92\/revisions\/221"}],"wp:attachment":[{"href":"https:\/\/roc-line.fr\/parc-aventure\/wp-json\/wp\/v2\/media?parent=92"}],"curies":[{"name":"wp","href":"https:\/\/api.w.org\/{rel}","templated":true}]}}