{"id":414,"date":"2026-05-01T07:07:45","date_gmt":"2026-05-01T05:07:45","guid":{"rendered":"https:\/\/roc-line.fr\/parc-aventure\/?page_id=414"},"modified":"2026-05-01T07:07:46","modified_gmt":"2026-05-01T05:07:46","slug":"precios","status":"publish","type":"page","link":"https:\/\/roc-line.fr\/parc-aventure\/es\/precios\/","title":{"rendered":"Precios"},"content":{"rendered":"\n<h6 class=\"wp-block-heading\">PARA TODA LA FAMILIA Y PARA TODOS LOS SENSORES<\/h6>\n\n\n\n<figure class=\"wp-block-table\"><table class=\"has-fixed-layout\"><tbody><tr><th class=\"has-text-align-left\" data-align=\"left\"><strong>Edad<\/strong><br><small>recomendada<\/small><\/th><th class=\"has-text-align-left\" data-align=\"left\"><strong>Azul\u00a0<\/strong>\u00a0\u00a0<small>(7+ a\u00f1os)<\/small><br><strong>Rojo\u00a0\u00a0<\/strong><small>(10+ a\u00f1os)<\/small><br><strong>Negro\u00a0\u00a0<\/strong><small>(12+ a\u00f1os)<\/small><\/th><th class=\"has-text-align-left\" data-align=\"left\"><strong>Amarillo y verde<\/strong><br><small>+5 a\u00f1os&nbsp;<\/small><\/th><th class=\"has-text-align-left\" data-align=\"left\"><strong>Amarillo<\/strong><br><small>a partir de 3 a\u00f1os.<\/small><\/th><\/tr><tr><td class=\"has-text-align-left\" data-align=\"left\">Precios por persona<\/td><td class=\"has-text-align-left\" data-align=\"left\">26 \u20ac*<\/td><td class=\"has-text-align-left\" data-align=\"left\">15 \u20ac<\/td><td class=\"has-text-align-left\" data-align=\"left\">9 \u20ac<\/td><\/tr><\/tbody><\/table><\/figure>\n\n\n\n<p><strong>*DESCUENTO<\/strong><br>a partir de 6 personas = -1\u20ac\/persona<br>a partir de 10 personas = -2\u20ac\/persona<\/p>\n\n\n\n<p><strong>M\u00e1ximo 3 horas de actividad supervisada<\/strong><\/p>\n\n\n\n<p><strong><mark style=\"background-color:rgba(0, 0, 0, 0)\" class=\"has-inline-color has-vivid-purple-color\">+ SLAKLINE<\/mark><\/strong><\/p>\n\n\n\n<p><strong><mark style=\"background-color:rgba(0, 0, 0, 0)\" class=\"has-inline-color has-luminous-vivid-orange-color\">Los productos que se venden en el lugar incluyen: bebidas, refrigerios, barras energ\u00e9ticas, guantes c\u00f3modos.<\/mark><\/strong><\/p>\n\n\n\n<figure class=\"wp-block-image size-large is-resized\"><img loading=\"lazy\" decoding=\"async\" width=\"972\" height=\"1024\" src=\"https:\/\/roc-line.fr\/parc-aventure\/wp-content\/uploads\/2026\/01\/nocb-972x1024.jpg\" alt=\"\" class=\"wp-image-12\" style=\"width:200px\" srcset=\"https:\/\/roc-line.fr\/parc-aventure\/wp-content\/uploads\/2026\/01\/nocb-972x1024.jpg 972w, https:\/\/roc-line.fr\/parc-aventure\/wp-content\/uploads\/2026\/01\/nocb-285x300.jpg 285w, https:\/\/roc-line.fr\/parc-aventure\/wp-content\/uploads\/2026\/01\/nocb-768x809.jpg 768w, https:\/\/roc-line.fr\/parc-aventure\/wp-content\/uploads\/2026\/01\/nocb.jpg 1000w\" sizes=\"auto, (max-width: 972px) 100vw, 972px\" \/><\/figure>\n","protected":false},"excerpt":{"rendered":"<p>PARA TODA LA FAMILIA Y PARA TODOS LOS SENSORES Edadrecomendada Azul\u00a0\u00a0\u00a0(7+ a\u00f1os)Rojo\u00a0\u00a0(10+ a\u00f1os)Negro\u00a0\u00a0(12+ a\u00f1os) Amarillo y verde+5 a\u00f1os&nbsp; Amarilloa partir de 3 a\u00f1os. Precios por persona 26 \u20ac* 15 \u20ac 9 \u20ac *DESCUENTOa partir de 6 personas = -1\u20ac\/personaa partir de 10 personas = -2\u20ac\/persona M\u00e1ximo 3 horas de actividad supervisada + SLAKLINE Los productos [&hellip;]<\/p>\n","protected":false},"author":1,"featured_media":0,"parent":0,"menu_order":0,"comment_status":"closed","ping_status":"closed","template":"template-parts\/template-no-sidebar.php","meta":{"footnotes":""},"class_list":["post-414","page","type-page","status-publish","hentry"],"_links":{"self":[{"href":"https:\/\/roc-line.fr\/parc-aventure\/wp-json\/wp\/v2\/pages\/414","targetHints":{"allow":["GET"]}}],"collection":[{"href":"https:\/\/roc-line.fr\/parc-aventure\/wp-json\/wp\/v2\/pages"}],"about":[{"href":"https:\/\/roc-line.fr\/parc-aventure\/wp-json\/wp\/v2\/types\/page"}],"author":[{"embeddable":true,"href":"https:\/\/roc-line.fr\/parc-aventure\/wp-json\/wp\/v2\/users\/1"}],"replies":[{"embeddable":true,"href":"https:\/\/roc-line.fr\/parc-aventure\/wp-json\/wp\/v2\/comments?post=414"}],"version-history":[{"count":1,"href":"https:\/\/roc-line.fr\/parc-aventure\/wp-json\/wp\/v2\/pages\/414\/revisions"}],"predecessor-version":[{"id":415,"href":"https:\/\/roc-line.fr\/parc-aventure\/wp-json\/wp\/v2\/pages\/414\/revisions\/415"}],"wp:attachment":[{"href":"https:\/\/roc-line.fr\/parc-aventure\/wp-json\/wp\/v2\/media?parent=414"}],"curies":[{"name":"wp","href":"https:\/\/api.w.org\/{rel}","templated":true}]}}