{"id":300,"date":"2026-04-17T16:17:23","date_gmt":"2026-04-17T14:17:23","guid":{"rendered":"https:\/\/roc-line.fr\/parc-aventure\/roc-line-parc-aventure-catala\/"},"modified":"2026-04-17T18:51:41","modified_gmt":"2026-04-17T16:51:41","slug":"roc-line-parc-aventure-catala","status":"publish","type":"page","link":"https:\/\/roc-line.fr\/parc-aventure\/ca\/roc-line-parc-aventure-catala\/","title":{"rendered":"Roc Line &#8211; Parc Aventure &#8211; Catal\u00e0"},"content":{"rendered":"\n<h2 class=\"wp-block-heading has-text-align-center\"><strong>OBERTURA el 18 d&rsquo;abril de 2026<\/strong><\/h2>\n\n\n\n<figure class=\"wp-block-image size-large\"><img loading=\"lazy\" decoding=\"async\" width=\"1024\" height=\"1017\" src=\"https:\/\/roc-line.fr\/parc-aventure\/wp-content\/uploads\/2026\/04\/planning_rocline2026-1024x1017.jpg\" alt=\"\" class=\"wp-image-293\" srcset=\"https:\/\/roc-line.fr\/parc-aventure\/wp-content\/uploads\/2026\/04\/planning_rocline2026-1024x1017.jpg 1024w, https:\/\/roc-line.fr\/parc-aventure\/wp-content\/uploads\/2026\/04\/planning_rocline2026-300x298.jpg 300w, https:\/\/roc-line.fr\/parc-aventure\/wp-content\/uploads\/2026\/04\/planning_rocline2026-150x150.jpg 150w, https:\/\/roc-line.fr\/parc-aventure\/wp-content\/uploads\/2026\/04\/planning_rocline2026-768x762.jpg 768w, https:\/\/roc-line.fr\/parc-aventure\/wp-content\/uploads\/2026\/04\/planning_rocline2026-1536x1525.jpg 1536w, https:\/\/roc-line.fr\/parc-aventure\/wp-content\/uploads\/2026\/04\/planning_rocline2026-2048x2033.jpg 2048w\" sizes=\"auto, (max-width: 1024px) 100vw, 1024px\" \/><\/figure>\n\n\n\n<p class=\"has-text-align-center\">HORARI D&rsquo;OBERTURA D&rsquo;ABRIL A SETEMBRE DE 2026 <\/p>\n\n\n\n<p class=\"has-text-align-center\"><strong><mark style=\"background-color:rgba(0, 0, 0, 0)\" class=\"has-inline-color has-luminous-vivid-amber-color\">GROC<\/mark><\/strong> : Obert nom\u00e9s amb reserva pr\u00e8via<br><mark style=\"background-color:rgba(0, 0, 0, 0)\" class=\"has-inline-color has-vivid-cyan-blue-color\"><strong>BLAU<\/strong><\/mark> : Obert de 10:00 a 18:00 &#8211; \u00faltima sortida 15:30 <br><strong><mark style=\"background-color:rgba(0, 0, 0, 0)\" class=\"has-inline-color has-vivid-green-cyan-color\">VERD<\/mark><\/strong> : Obert de 9:30 a 19:30 &#8211; \u00faltima sortida 18:00 <br><strong><mark style=\"background-color:rgba(0, 0, 0, 0)\" class=\"has-inline-color has-luminous-vivid-orange-color\">TARONJA<\/mark><\/strong> : Ens trobareu al <a href=\"https:\/\/lefat-festival.fr\/\">FAT &#8211; Festival Aeri de Th\u00e9mis Targasonne<\/a> els dies 28 i 29 d&rsquo;agost<br> <strong><mark style=\"background-color:rgba(0, 0, 0, 0)\" class=\"has-inline-color has-vivid-red-color\">VERMELL <\/mark><\/strong>: Tancat<\/p>\n\n\n\n<hr class=\"wp-block-separator has-alpha-channel-opacity\"\/>\n\n\n\n<blockquote class=\"wp-block-quote is-layout-flow wp-block-quote-is-layout-flow\">\n<p class=\"has-text-align-center\"><strong>+336.38.48.64.64 &#8211; +336.83.87.85.84<\/strong><\/p>\n<\/blockquote>\n\n\n\n<hr class=\"wp-block-separator has-alpha-channel-opacity\"\/>\n\n\n\n<p class=\"has-text-align-center\"><img loading=\"lazy\" decoding=\"async\" width=\"800\" height=\"455\" class=\"wp-image-14\" style=\"width: 800px;\" src=\"https:\/\/roc-line.fr\/parc-aventure\/wp-content\/uploads\/2026\/01\/plansitu-rocline.jpg\" alt=\"\" srcset=\"https:\/\/roc-line.fr\/parc-aventure\/wp-content\/uploads\/2026\/01\/plansitu-rocline.jpg 900w, https:\/\/roc-line.fr\/parc-aventure\/wp-content\/uploads\/2026\/01\/plansitu-rocline-300x171.jpg 300w, https:\/\/roc-line.fr\/parc-aventure\/wp-content\/uploads\/2026\/01\/plansitu-rocline-768x437.jpg 768w\" sizes=\"auto, (max-width: 800px) 100vw, 800px\" \/><\/p>\n\n\n\n<p class=\"has-text-align-center\"><strong>Parc aventura Accro-rocher d\u2019Angoustrine-Villeneuve-les-Escaldes<\/strong><br>prop de Font Romeu, Puigcerd\u00e0, Saillagouse et Andorra<\/p>\n\n\n\n<hr class=\"wp-block-separator has-alpha-channel-opacity\"\/>\n\n\n\n<p class=\"has-text-align-center\"><img loading=\"lazy\" decoding=\"async\" width=\"150\" height=\"158\" class=\"wp-image-12\" style=\"width: 150px;\" src=\"https:\/\/roc-line.fr\/parc-aventure\/wp-content\/uploads\/2026\/01\/nocb.jpg\" alt=\"\" srcset=\"https:\/\/roc-line.fr\/parc-aventure\/wp-content\/uploads\/2026\/01\/nocb.jpg 1000w, https:\/\/roc-line.fr\/parc-aventure\/wp-content\/uploads\/2026\/01\/nocb-285x300.jpg 285w, https:\/\/roc-line.fr\/parc-aventure\/wp-content\/uploads\/2026\/01\/nocb-972x1024.jpg 972w, https:\/\/roc-line.fr\/parc-aventure\/wp-content\/uploads\/2026\/01\/nocb-768x809.jpg 768w\" sizes=\"auto, (max-width: 150px) 100vw, 150px\" \/><\/p>\n","protected":false},"excerpt":{"rendered":"<p>OBERTURA el 18 d&rsquo;abril de 2026 HORARI D&rsquo;OBERTURA D&rsquo;ABRIL A SETEMBRE DE 2026 GROC : Obert nom\u00e9s amb reserva pr\u00e8viaBLAU : Obert de 10:00 a 18:00 &#8211; \u00faltima sortida 15:30 VERD : Obert de 9:30 a 19:30 &#8211; \u00faltima sortida 18:00 TARONJA : Ens trobareu al FAT &#8211; Festival Aeri de Th\u00e9mis Targasonne els dies [&hellip;]<\/p>\n","protected":false},"author":1,"featured_media":0,"parent":0,"menu_order":0,"comment_status":"closed","ping_status":"closed","template":"template-parts\/template-no-sidebar.php","meta":{"footnotes":""},"class_list":["post-300","page","type-page","status-publish","hentry"],"_links":{"self":[{"href":"https:\/\/roc-line.fr\/parc-aventure\/wp-json\/wp\/v2\/pages\/300","targetHints":{"allow":["GET"]}}],"collection":[{"href":"https:\/\/roc-line.fr\/parc-aventure\/wp-json\/wp\/v2\/pages"}],"about":[{"href":"https:\/\/roc-line.fr\/parc-aventure\/wp-json\/wp\/v2\/types\/page"}],"author":[{"embeddable":true,"href":"https:\/\/roc-line.fr\/parc-aventure\/wp-json\/wp\/v2\/users\/1"}],"replies":[{"embeddable":true,"href":"https:\/\/roc-line.fr\/parc-aventure\/wp-json\/wp\/v2\/comments?post=300"}],"version-history":[{"count":4,"href":"https:\/\/roc-line.fr\/parc-aventure\/wp-json\/wp\/v2\/pages\/300\/revisions"}],"predecessor-version":[{"id":340,"href":"https:\/\/roc-line.fr\/parc-aventure\/wp-json\/wp\/v2\/pages\/300\/revisions\/340"}],"wp:attachment":[{"href":"https:\/\/roc-line.fr\/parc-aventure\/wp-json\/wp\/v2\/media?parent=300"}],"curies":[{"name":"wp","href":"https:\/\/api.w.org\/{rel}","templated":true}]}}