{"id":2,"date":"2026-01-19T15:18:31","date_gmt":"2026-01-19T14:18:31","guid":{"rendered":"http:\/\/roc-line.fr\/parc-aventure\/?page_id=2"},"modified":"2026-04-17T16:47:06","modified_gmt":"2026-04-17T14:47:06","slug":"accro-rocher","status":"publish","type":"page","link":"https:\/\/roc-line.fr\/parc-aventure\/fr\/accro-rocher\/","title":{"rendered":"Roc Line &#8211; Parc Aventure"},"content":{"rendered":"\n<h2 class=\"wp-block-heading has-text-align-center\">OUVERTURE le 18 AVRIL 2026<\/h2>\n\n\n<div class=\"wp-block-image\">\n<figure class=\"aligncenter size-large\"><img loading=\"lazy\" decoding=\"async\" width=\"1024\" height=\"1017\" src=\"https:\/\/roc-line.fr\/parc-aventure\/wp-content\/uploads\/2026\/04\/planning_rocline2026-1024x1017.jpg\" alt=\"\" class=\"wp-image-293\" srcset=\"https:\/\/roc-line.fr\/parc-aventure\/wp-content\/uploads\/2026\/04\/planning_rocline2026-1024x1017.jpg 1024w, https:\/\/roc-line.fr\/parc-aventure\/wp-content\/uploads\/2026\/04\/planning_rocline2026-300x298.jpg 300w, https:\/\/roc-line.fr\/parc-aventure\/wp-content\/uploads\/2026\/04\/planning_rocline2026-150x150.jpg 150w, https:\/\/roc-line.fr\/parc-aventure\/wp-content\/uploads\/2026\/04\/planning_rocline2026-768x762.jpg 768w, https:\/\/roc-line.fr\/parc-aventure\/wp-content\/uploads\/2026\/04\/planning_rocline2026-1536x1525.jpg 1536w, https:\/\/roc-line.fr\/parc-aventure\/wp-content\/uploads\/2026\/04\/planning_rocline2026-2048x2033.jpg 2048w\" sizes=\"auto, (max-width: 1024px) 100vw, 1024px\" \/><\/figure>\n<\/div>\n\n\n<blockquote class=\"wp-block-quote is-layout-flow wp-block-quote-is-layout-flow\">\n<p class=\"has-text-align-center\"><strong>PLANNING OUVERTURE D&rsquo;AVRIL \u00c0 SEPTEMBRE 2026<br><mark style=\"background-color:rgba(0, 0, 0, 0)\" class=\"has-inline-color has-luminous-vivid-amber-color\">JAUNE<\/mark><\/strong> ouvert sur r\u00e9servation \/ <strong><mark style=\"background-color:rgba(0, 0, 0, 0)\" class=\"has-inline-color has-vivid-red-color\">ROUGE<\/mark><\/strong> ferm\u00e9<br><strong><mark style=\"background-color:rgba(0, 0, 0, 0)\" class=\"has-inline-color has-vivid-green-cyan-color\"><strong><mark style=\"background-color:rgba(0, 0, 0, 0)\" class=\"has-inline-color has-vivid-cyan-blue-color\">BLEU<\/mark><\/strong><\/mark><\/strong> ouvert de 10h \u00e0 18h &#8211; dernier d\u00e9part 15h30 \/ <strong><mark style=\"background-color:rgba(0, 0, 0, 0)\" class=\"has-inline-color has-vivid-green-cyan-color\">VERT<\/mark><\/strong> ouvert de 9h30 \u00e0 19h30 &#8211; dernier d\u00e9part 18h <br><strong><mark style=\"background-color:rgba(0, 0, 0, 0)\" class=\"has-inline-color has-luminous-vivid-orange-color\">ORANGE<\/mark><\/strong> Les 28 et 29 Ao\u00fbt retrouvez nous au <a href=\"https:\/\/lefat-festival.fr\/\">FAT &#8211; Festival de l&rsquo;air \u00e0 Th\u00e9mis Targasonne<\/a><\/p>\n<\/blockquote>\n\n\n\n<hr class=\"wp-block-separator has-alpha-channel-opacity\"\/>\n\n\n\n<p class=\"has-text-align-center\"><strong>DISPONIBLES POUR TOUT RENSEIGNEMENT<br>AU 06.38.48.64.64 OU BIEN 06.83.87.85.84<\/strong><\/p>\n\n\n\n<hr class=\"wp-block-separator has-alpha-channel-opacity\"\/>\n\n\n\n<blockquote class=\"wp-block-quote is-layout-flow wp-block-quote-is-layout-flow\">\n<p class=\"has-text-align-center\"><img loading=\"lazy\" decoding=\"async\" width=\"800\" height=\"455\" class=\"wp-image-14\" style=\"width: 800px;\" src=\"https:\/\/roc-line.fr\/parc-aventure\/wp-content\/uploads\/2026\/01\/plansitu-rocline.jpg\" alt=\"\" srcset=\"https:\/\/roc-line.fr\/parc-aventure\/wp-content\/uploads\/2026\/01\/plansitu-rocline.jpg 900w, https:\/\/roc-line.fr\/parc-aventure\/wp-content\/uploads\/2026\/01\/plansitu-rocline-300x171.jpg 300w, https:\/\/roc-line.fr\/parc-aventure\/wp-content\/uploads\/2026\/01\/plansitu-rocline-768x437.jpg 768w\" sizes=\"auto, (max-width: 800px) 100vw, 800px\" \/><\/p>\n\n\n\n<p class=\"has-text-align-center\"><strong>Parc aventure Accro-rocher d\u2019Angoustrine-Villeneuve-les-Escaldes<\/strong><br>\u00e0 proximit\u00e9 de Font Romeu, Puigcerda, Saillagouse et Andorre<\/p>\n<\/blockquote>\n\n\n\n<hr class=\"wp-block-separator has-alpha-channel-opacity\"\/>\n\n\n\n<p class=\"has-text-align-center\"><img loading=\"lazy\" decoding=\"async\" width=\"150\" height=\"158\" class=\"wp-image-12\" style=\"width: 150px;\" src=\"https:\/\/roc-line.fr\/parc-aventure\/wp-content\/uploads\/2026\/01\/nocb.jpg\" alt=\"\" srcset=\"https:\/\/roc-line.fr\/parc-aventure\/wp-content\/uploads\/2026\/01\/nocb.jpg 1000w, https:\/\/roc-line.fr\/parc-aventure\/wp-content\/uploads\/2026\/01\/nocb-285x300.jpg 285w, https:\/\/roc-line.fr\/parc-aventure\/wp-content\/uploads\/2026\/01\/nocb-972x1024.jpg 972w, https:\/\/roc-line.fr\/parc-aventure\/wp-content\/uploads\/2026\/01\/nocb-768x809.jpg 768w\" sizes=\"auto, (max-width: 150px) 100vw, 150px\" \/><\/p>\n\n\n\n<p class=\"has-text-align-center\"><em>Distributeur le plus proche : 5 km Bourg Madame \/ 15 km Font Romeu ou Saillagouse<\/em><\/p>\n\n\n\n<blockquote class=\"wp-block-quote is-layout-flow wp-block-quote-is-layout-flow\">\n<hr class=\"wp-block-separator has-alpha-channel-opacity\"\/>\n\n\n\n<p class=\"has-text-align-center\">Roc Line est un parc aventure atypique construit \u00e0 flanc de falaise<br>situ\u00e9 dans la&nbsp;<strong>vall\u00e9e de St Martin \u00e0 Angoustrine Villeneuve les Escaldes<\/strong><br>proche de la chapelle de St martin<\/p>\n\n\n\n<p class=\"has-text-align-center\">Plusieurs parcours ascendants de difficult\u00e9 croissante<br>passant par des ponts, filets, balan\u00e7oires, vires rocheuses<br>sont propos\u00e9s&nbsp;<strong>pour toute la famille<\/strong>.<br>Ils permettent une approche ludique et accessible des&nbsp;<strong>activit\u00e9s de montagne<\/strong><br>comme l\u2019escalade ou la via ferrata.<\/p>\n\n\n\n<p class=\"has-text-align-center\">A la cime d\u2019o\u00f9 la vue est imprenable sur la Cerdagne,<br>chacun pourra d\u00e9fier son sens de l\u2019\u00e9quilibre<br>sur une&nbsp;<strong>slack line en hauteur de 30 m de long<\/strong>&nbsp;en toute s\u00e9curit\u00e9.<\/p>\n\n\n\n<p class=\"has-text-align-center\">Pour redescendre \u00e0 l\u2019accueil, sensations et adr\u00e9naline garanties<br>par l\u2019encha\u00eenement de&nbsp;<strong>plusieurs tyroliennes g\u00e9antes<\/strong>.<\/p>\n<\/blockquote>\n","protected":false},"excerpt":{"rendered":"<p>OUVERTURE le 18 AVRIL 2026 PLANNING OUVERTURE D&rsquo;AVRIL \u00c0 SEPTEMBRE 2026JAUNE ouvert sur r\u00e9servation \/ ROUGE ferm\u00e9BLEU ouvert de 10h \u00e0 18h &#8211; dernier d\u00e9part 15h30 \/ VERT ouvert de 9h30 \u00e0 19h30 &#8211; dernier d\u00e9part 18h ORANGE Les 28 et 29 Ao\u00fbt retrouvez nous au FAT &#8211; Festival de l&rsquo;air \u00e0 Th\u00e9mis Targasonne DISPONIBLES [&hellip;]<\/p>\n","protected":false},"author":1,"featured_media":16,"parent":0,"menu_order":0,"comment_status":"closed","ping_status":"closed","template":"template-parts\/template-no-sidebar.php","meta":{"footnotes":""},"class_list":["post-2","page","type-page","status-publish","has-post-thumbnail","hentry"],"_links":{"self":[{"href":"https:\/\/roc-line.fr\/parc-aventure\/wp-json\/wp\/v2\/pages\/2","targetHints":{"allow":["GET"]}}],"collection":[{"href":"https:\/\/roc-line.fr\/parc-aventure\/wp-json\/wp\/v2\/pages"}],"about":[{"href":"https:\/\/roc-line.fr\/parc-aventure\/wp-json\/wp\/v2\/types\/page"}],"author":[{"embeddable":true,"href":"https:\/\/roc-line.fr\/parc-aventure\/wp-json\/wp\/v2\/users\/1"}],"replies":[{"embeddable":true,"href":"https:\/\/roc-line.fr\/parc-aventure\/wp-json\/wp\/v2\/comments?post=2"}],"version-history":[{"count":12,"href":"https:\/\/roc-line.fr\/parc-aventure\/wp-json\/wp\/v2\/pages\/2\/revisions"}],"predecessor-version":[{"id":331,"href":"https:\/\/roc-line.fr\/parc-aventure\/wp-json\/wp\/v2\/pages\/2\/revisions\/331"}],"wp:featuredmedia":[{"embeddable":true,"href":"https:\/\/roc-line.fr\/parc-aventure\/wp-json\/wp\/v2\/media\/16"}],"wp:attachment":[{"href":"https:\/\/roc-line.fr\/parc-aventure\/wp-json\/wp\/v2\/media?parent=2"}],"curies":[{"name":"wp","href":"https:\/\/api.w.org\/{rel}","templated":true}]}}