{"id":177,"date":"2026-01-25T22:15:17","date_gmt":"2026-01-25T21:15:17","guid":{"rendered":"https:\/\/roc-line.fr\/parc-aventure\/?page_id=177"},"modified":"2026-05-01T06:55:58","modified_gmt":"2026-05-01T04:55:58","slug":"presentacion-2","status":"publish","type":"page","link":"https:\/\/roc-line.fr\/parc-aventure\/es\/presentacion-2\/","title":{"rendered":"Presentaci\u00f3n"},"content":{"rendered":"\n<h3 class=\"wp-block-heading\"><strong>Roc line es un parque de aventura en un ambiente salvaje.<\/strong><\/h3>\n\n\n\n<p>Ven a disfrutar de nuestras instalaciones que ofrecen una variedad de desaf\u00edos divertidos como son los puentes tibetanos, las escaleras, las redes o pasos de roca con los cuales tendras las sensaciones de la aut\u00e9ntica escalada.<\/p>\n\n\n\n<p>Con nuestra slackline gigante podras desafi\u00e1r tu equilibrio con toda seguridad.<\/p>\n\n\n\n<p>Para acabar, una impresionante bajada con diferentes tirolinas de casi 200 metros cada una con vistas espectaculares de la Cerda\u00f1a.<\/p>\n\n\n\n<p>Estamos a Angostrina, cerca de la capilla de Sant Mart\u00ed, a orillas del rio.<\/p>\n\n\n\n<p>Abierto cada d\u00eda, todo el verano, la actividad es para toda la familia (a partir de 3 a\u00f1os) gracias a los recorridos de diferentes niveles que proponemos.<\/p>\n\n\n\n<blockquote class=\"wp-block-quote is-layout-flow wp-block-quote-is-layout-flow\">\n<h6 class=\"wp-block-heading\"><strong>Reservacion ultima hora&nbsp;<\/strong><br>au 06.38.48.64.64 ou 06.83.87.85.84<\/h6>\n<\/blockquote>\n\n\n<div class=\"wp-block-image\">\n<figure class=\"aligncenter size-large\"><img decoding=\"async\" src=\"https:\/\/roc-line.fr\/parc-aventure\/wp-content\/uploads\/2026\/01\/plan-2022ok-web.jpg\" alt=\"\"\/><\/figure>\n<\/div>\n\n\n<h4 class=\"wp-block-heading\">EDAD RECOMENDADA PARA LOS RECORRIDOS&nbsp;:<\/h4>\n\n\n\n<p>Amarillo: desde 3 a\u00f1os. El adulto puede seguir a pie junto al recorrido sin harnas. La tirolina de 20m est\u00e1 adaptada para ni\u00f1os menores de 50 kg<\/p>\n\n\n\n<blockquote class=\"wp-block-quote is-layout-flow wp-block-quote-is-layout-flow\">\n<p>Para los siguientes recorridos el adulto acompa\u00f1ante debe estar equipado de un colmenas y casco.<\/p>\n<\/blockquote>\n\n\n\n<blockquote class=\"wp-block-quote is-layout-flow wp-block-quote-is-layout-flow\">\n<p>Los tiempos indicados son aproximativos y no est\u00e1 incluido los tiempos de bajada en tirolinas<\/p>\n<\/blockquote>\n\n\n\n<ul class=\"wp-block-list\">\n<li>Verde :<br>\u2013 f\u00e1cil: inicio despu\u00e9s del recorrido amarillo y desde 5 a\u00f1os<br>\u2013 dif\u00edcil: inicio junto a la zona de briefing, desde 6 a\u00f1os. La tirolina est\u00e1 adaptada por todos.<\/li>\n<\/ul>\n\n\n\n<ul class=\"wp-block-list\">\n<li>Azul : desde 7 a\u00f1os. Es el recorrido familiar que dura como m\u00ednimo 1 hora (sin las tirolinas). Para volver a bajar hasta el inicio, 5 tirolinas gigantes de casi 200 metros cada una. Puedes realizar s\u00f3lo 3 tirolinas.<\/li>\n<\/ul>\n\n\n\n<ul class=\"wp-block-list\">\n<li>Rojo : desde 10 a\u00f1os. Recorrido atl\u00e9tico de \u00be temprano. Posibilidad de terminar por el recorrido azul<\/li>\n<\/ul>\n\n\n\n<ul class=\"wp-block-list\">\n<li>Negro : desde 12 a\u00f1os y dependiente de la aptitud para la escalada.<br>Es el recorrido donde tendr\u00e1s que escalar.<br>\u00be temprano, posibilidad de volver al recorrido rojo.<br>Desde 2021, 2 extensiones muy muy dificil.<br>Pasos de escalda de nivel 6a con presas<br>Recomendado a los m\u00e1s de 16 a\u00f1os y en muy buena condici\u00f3n f\u00edsica<\/li>\n<\/ul>\n\n\n\n<ul class=\"wp-block-list\">\n<li><strong>Slackline<\/strong>\u00a0: Situada en lo m\u00e1s alto, la slack line est\u00e1 a 5 m de altura son 50 metros de equilibrio que tendr\u00e1s que aguantar para validar tu experiencia<br><strong>Es necesario pedirnos el funcionamiento antes de utilizarlo por su seguridad.<\/strong><\/li>\n<\/ul>\n\n\n\n<blockquote class=\"wp-block-quote is-layout-flow wp-block-quote-is-layout-flow\">\n<p>Recomendado a quienes han hecho rojo o negro antes.<\/p>\n<\/blockquote>\n\n\n<div class=\"wp-block-image\">\n<figure class=\"aligncenter size-thumbnail\"><img loading=\"lazy\" decoding=\"async\" width=\"150\" height=\"150\" src=\"https:\/\/roc-line.fr\/parc-aventure\/wp-content\/uploads\/2026\/01\/image-3-150x150.png\" alt=\"\" class=\"wp-image-185\"\/><\/figure>\n<\/div>","protected":false},"excerpt":{"rendered":"<p>Roc line es un parque de aventura en un ambiente salvaje. Ven a disfrutar de nuestras instalaciones que ofrecen una variedad de desaf\u00edos divertidos como son los puentes tibetanos, las escaleras, las redes o pasos de roca con los cuales tendras las sensaciones de la aut\u00e9ntica escalada. Con nuestra slackline gigante podras desafi\u00e1r tu equilibrio [&hellip;]<\/p>\n","protected":false},"author":1,"featured_media":0,"parent":0,"menu_order":0,"comment_status":"closed","ping_status":"closed","template":"template-parts\/template-no-sidebar.php","meta":{"footnotes":""},"class_list":["post-177","page","type-page","status-publish","hentry"],"_links":{"self":[{"href":"https:\/\/roc-line.fr\/parc-aventure\/wp-json\/wp\/v2\/pages\/177","targetHints":{"allow":["GET"]}}],"collection":[{"href":"https:\/\/roc-line.fr\/parc-aventure\/wp-json\/wp\/v2\/pages"}],"about":[{"href":"https:\/\/roc-line.fr\/parc-aventure\/wp-json\/wp\/v2\/types\/page"}],"author":[{"embeddable":true,"href":"https:\/\/roc-line.fr\/parc-aventure\/wp-json\/wp\/v2\/users\/1"}],"replies":[{"embeddable":true,"href":"https:\/\/roc-line.fr\/parc-aventure\/wp-json\/wp\/v2\/comments?post=177"}],"version-history":[{"count":6,"href":"https:\/\/roc-line.fr\/parc-aventure\/wp-json\/wp\/v2\/pages\/177\/revisions"}],"predecessor-version":[{"id":407,"href":"https:\/\/roc-line.fr\/parc-aventure\/wp-json\/wp\/v2\/pages\/177\/revisions\/407"}],"wp:attachment":[{"href":"https:\/\/roc-line.fr\/parc-aventure\/wp-json\/wp\/v2\/media?parent=177"}],"curies":[{"name":"wp","href":"https:\/\/api.w.org\/{rel}","templated":true}]}}